{"id":19080,"date":"2014-06-03T08:07:04","date_gmt":"2014-06-03T08:07:04","guid":{"rendered":"http:\/\/demo.select-themes.com\/stockholm1\/?page_id=19080"},"modified":"2020-03-10T15:37:55","modified_gmt":"2020-03-10T18:37:55","slug":"entertainment","status":"publish","type":"page","link":"https:\/\/norcenter.com\/?page_id=19080","title":{"rendered":"ENTERTAINMENT"},"content":{"rendered":"<p>[vc_row row_type=\u00bbrow\u00bb use_row_as_full_screen_section=\u00bbno\u00bb type=\u00bbgrid\u00bb text_align=\u00bbleft\u00bb background_animation=\u00bbnone\u00bb padding_top=\u00bb60&#8243; padding_bottom=\u00bb30&#8243; css_animation=\u00bb\u00bb][vc_column][vc_row_inner row_type=\u00bbrow\u00bb type=\u00bbgrid\u00bb use_row_as_full_screen_section_slide=\u00bbno\u00bb text_align=\u00bbleft\u00bb css_animation=\u00bb\u00bb][vc_column_inner width=\u00bb1\/2&#8243; css=\u00bb.vc_custom_1579823238255{padding-bottom: 50px !important;}\u00bb][vc_single_image image=\u00bb21598&#8243; img_size=\u00bbfull\u00bb qode_css_animation=\u00bb\u00bb][vc_separator type=\u00bbtransparent\u00bb border_style=\u00bb\u00bb up=\u00bb40&#8243; down=\u00bb0&#8243;][vc_column_text]<\/p>\n<h5>CINE &#8211; <strong>EXPERIENCIA IMAX<\/strong><\/h5>\n<p>[\/vc_column_text][vc_separator type=\u00bbtransparent\u00bb border_style=\u00bb\u00bb up=\u00bb40&#8243; down=\u00bb0&#8243;][vc_column_text]<\/p>\n<p style=\"text-align: justify;\"><strong>LA EXPERIENCIA IMAX<\/strong> permite disfrutar im\u00e1genes de alta calidad proyectadas en pantallas gigantes y con un sonido generado por sistemas digitales envolventes altamente avanzados, el p\u00fablico se siente parte de la acci\u00f3n, parte de la pel\u00edcula.<\/p>\n<p style=\"text-align: justify;\"><strong>SHOWCASE<\/strong> y sus 16 lujosas salas de cine cuentan con sistemas de sonido de vanguardia como Dolby Digital Stereo, Dolby Stereo SR y Dolby EX.<\/p>\n<p>[\/vc_column_text][\/vc_column_inner][vc_column_inner width=\u00bb1\/2&#8243;][vc_single_image image=\u00bb21599&#8243; img_size=\u00bbfull\u00bb qode_css_animation=\u00bb\u00bb][vc_separator type=\u00bbtransparent\u00bb border_style=\u00bb\u00bb up=\u00bb40&#8243; down=\u00bb0&#8243;][vc_column_text]<\/p>\n<h5 style=\"text-align: left;\">BOWLING<\/h5>\n<p>[\/vc_column_text][vc_separator type=\u00bbtransparent\u00bb border_style=\u00bb\u00bb up=\u00bb40&#8243; down=\u00bb0&#8243;][vc_column_text]<\/p>\n<p style=\"text-align: justify;\">Cuenta con 28 pistas automatizadas de la m\u00e1s alta tecnolog\u00eda a nivel mundial, 10 mesas de pool, 3 metegoles, 1 mesa de tejo y otras atracciones para los que eligen diferentes opciones de juego.<\/p>\n<p>[\/vc_column_text][\/vc_column_inner][\/vc_row_inner][\/vc_column][\/vc_row][vc_row row_type=\u00bbrow\u00bb use_row_as_full_screen_section=\u00bbno\u00bb type=\u00bbgrid\u00bb text_align=\u00bbleft\u00bb background_animation=\u00bbnone\u00bb padding_top=\u00bb10&#8243; padding_bottom=\u00bb50&#8243; css_animation=\u00bb\u00bb][vc_column][vc_row_inner row_type=\u00bbrow\u00bb type=\u00bbgrid\u00bb use_row_as_full_screen_section_slide=\u00bbno\u00bb text_align=\u00bbleft\u00bb css_animation=\u00bb\u00bb][vc_column_inner width=\u00bb1\/2&#8243; css=\u00bb.vc_custom_1579823278471{padding-bottom: 50px !important;}\u00bb][vc_single_image image=\u00bb22062&#8243; img_size=\u00bbfull\u00bb qode_css_animation=\u00bb\u00bb][vc_separator type=\u00bbtransparent\u00bb border_style=\u00bb\u00bb up=\u00bb40&#8243; down=\u00bb0&#8243;][vc_column_text]<\/p>\n<h5>SHOWCASE<\/h5>\n<p>[\/vc_column_text][vc_separator type=\u00bbtransparent\u00bb border_style=\u00bb\u00bb up=\u00bb40&#8243; down=\u00bb0&#8243;][vc_column_text]<\/p>\n<p style=\"text-align: justify;\"><strong>SHOWCASE<\/strong> y sus 16 lujosas salas de cine cuentan con sistemas de sonido de vanguardia como Dolby Digital Stereo, Dolby Stereo SR y Dolby EX.<\/p>\n<p>[\/vc_column_text][\/vc_column_inner][vc_column_inner width=\u00bb1\/2&#8243;][vc_single_image image=\u00bb22000&#8243; img_size=\u00bbfull\u00bb qode_css_animation=\u00bb\u00bb][vc_separator type=\u00bbtransparent\u00bb border_style=\u00bb\u00bb up=\u00bb40&#8243; down=\u00bb0&#8243;][vc_column_text]<\/p>\n<h5 style=\"text-align: left;\">ESPACIO GOURMET<\/h5>\n<p>[\/vc_column_text][vc_separator type=\u00bbtransparent\u00bb border_style=\u00bb\u00bb up=\u00bb40&#8243; down=\u00bb0&#8243;][vc_column_text]<\/p>\n<p style=\"text-align: justify;\"><strong>ESPACIO GOURMET<\/strong> es un espacio de mas de 700 plazas en donde se puede disfrutar de una amplia variedad gastron\u00f3mica, desde exclusivos Restaurates hasta locales de comida r\u00e1pida.<\/p>\n<p>[\/vc_column_text][\/vc_column_inner][\/vc_row_inner][\/vc_column][\/vc_row]<\/p>\n","protected":false},"excerpt":{"rendered":"<p>[vc_row row_type=\u00bbrow\u00bb use_row_as_full_screen_section=\u00bbno\u00bb type=\u00bbgrid\u00bb text_align=\u00bbleft\u00bb background_animation=\u00bbnone\u00bb padding_top=\u00bb60&#8243; padding_bottom=\u00bb30&#8243; css_animation=\u00bb\u00bb][vc_column][vc_row_inner row_type=\u00bbrow\u00bb type=\u00bbgrid\u00bb use_row_as_full_screen_section_slide=\u00bbno\u00bb text_align=\u00bbleft\u00bb css_animation=\u00bb\u00bb][vc_column_inner width=\u00bb1\/2&#8243; css=\u00bb.vc_custom_1579823238255{padding-bottom: 50px !important;}\u00bb][vc_single_image image=\u00bb21598&#8243; img_size=\u00bbfull\u00bb qode_css_animation=\u00bb\u00bb][vc_separator type=\u00bbtransparent\u00bb border_style=\u00bb\u00bb up=\u00bb40&#8243; down=\u00bb0&#8243;][vc_column_text] CINE &#8211; EXPERIENCIA IMAX [\/vc_column_text][vc_separator type=\u00bbtransparent\u00bb border_style=\u00bb\u00bb up=\u00bb40&#8243; down=\u00bb0&#8243;][vc_column_text] LA EXPERIENCIA IMAX permite disfrutar im\u00e1genes de alta calidad proyectadas en&#8230;<\/p>\n","protected":false},"author":1,"featured_media":0,"parent":0,"menu_order":0,"comment_status":"open","ping_status":"open","template":"","meta":[],"_links":{"self":[{"href":"https:\/\/norcenter.com\/index.php?rest_route=\/wp\/v2\/pages\/19080"}],"collection":[{"href":"https:\/\/norcenter.com\/index.php?rest_route=\/wp\/v2\/pages"}],"about":[{"href":"https:\/\/norcenter.com\/index.php?rest_route=\/wp\/v2\/types\/page"}],"author":[{"embeddable":true,"href":"https:\/\/norcenter.com\/index.php?rest_route=\/wp\/v2\/users\/1"}],"replies":[{"embeddable":true,"href":"https:\/\/norcenter.com\/index.php?rest_route=%2Fwp%2Fv2%2Fcomments&post=19080"}],"version-history":[{"count":17,"href":"https:\/\/norcenter.com\/index.php?rest_route=\/wp\/v2\/pages\/19080\/revisions"}],"predecessor-version":[{"id":22064,"href":"https:\/\/norcenter.com\/index.php?rest_route=\/wp\/v2\/pages\/19080\/revisions\/22064"}],"wp:attachment":[{"href":"https:\/\/norcenter.com\/index.php?rest_route=%2Fwp%2Fv2%2Fmedia&parent=19080"}],"curies":[{"name":"wp","href":"https:\/\/api.w.org\/{rel}","templated":true}]}}